{"id":4,"date":"2020-04-06T10:20:53","date_gmt":"2020-04-06T10:20:53","guid":{"rendered":"http:\/\/haptikakustik.de\/?page_id=4"},"modified":"2020-07-25T09:29:52","modified_gmt":"2020-07-25T09:29:52","slug":"haptik-akustik-de","status":"publish","type":"page","link":"https:\/\/haptikakustik.de\/?page_id=4","title":{"rendered":"Haptik Akustik &#8211; de"},"content":{"rendered":"\n<p>Haptik: Die geheimen Botschaften an unsere Sinne &#8211; sehen, h\u00f6ren, tasten<\/p>\n\n\n\n<p>Ein premium Interieur eines Fahrzeuges wird \u00fcber die Sinne, die taktilen und kin\u00e4sthetischen Reize, den Geruch und die Qualit\u00e4t der Oberfl\u00e4chen wahrgenommen \u2013 und nicht \u00fcber die gedruckten Fakten im Katalog.<\/p>\n\n\n\n<p>Das \u201eBer\u00fchren\u201c und \u201eBegreifen\u201c ist die Grundlage der Wahrnehmung.&nbsp; Bei der Geburt des Menschen ist der Tastsinn der am besten entwickelte Sinn. Er bleibt auch im sp\u00e4teren Leben essenziell wichtig. Ohne den Tastsinn kann man weder stehen, sitzen oder Gegenst\u00e4nde verwenden.<\/p>\n\n\n\n<p>Die taktile haptische Wahrnehmung erfolgt oft unterbewusst, hat aber einen gro\u00dfen Einfluss auf die Wahrnehmung von Qualit\u00e4t und Pr\u00e4zision.<\/p>\n\n\n\n<p>Das multisensuelle Erlebnis der Bedienung schlie\u00dft bei Audi die Akustik, den h\u00f6rbaren Tresor-Klick, mit ein. Damit wird ein weiterer Sinneskanal angesprochen und ein perfekt komponierter Gesamteindruck entsteht. Eine perfekte Haptik ist die Komposition aus taktiler Wahrnehmung und Akustik.<\/p>\n","protected":false},"excerpt":{"rendered":"<p>Haptik: Die geheimen Botschaften an unsere Sinne &#8211; sehen, h\u00f6ren, tasten Ein premium Interieur eines Fahrzeuges wird \u00fcber die Sinne, die taktilen und kin\u00e4sthetischen Reize, den Geruch und die Qualit\u00e4t der Oberfl\u00e4chen wahrgenommen \u2013 und nicht \u00fcber die gedruckten Fakten im Katalog. Das \u201eBer\u00fchren\u201c und \u201eBegreifen\u201c ist die Grundlage der Wahrnehmung.&nbsp; Bei der Geburt des [&hellip;]<\/p>\n","protected":false},"author":1,"featured_media":0,"parent":0,"menu_order":0,"comment_status":"closed","ping_status":"closed","template":"","meta":{"spay_email":""},"yoast_head":"<!-- This site is optimized with the Yoast SEO plugin v17.9 - https:\/\/yoast.com\/wordpress\/plugins\/seo\/ -->\n<title>Haptik Akustik - de | Haptik - Akustik - Displays<\/title>\n<meta name=\"robots\" content=\"index, follow, max-snippet:-1, max-image-preview:large, max-video-preview:-1\" \/>\n<link rel=\"canonical\" href=\"https:\/\/haptikakustik.de\/?page_id=4\" \/>\n<meta property=\"og:locale\" content=\"de_DE\" \/>\n<meta property=\"og:type\" content=\"article\" \/>\n<meta property=\"og:title\" content=\"Haptik Akustik - de | Haptik - Akustik - Displays\" \/>\n<meta property=\"og:description\" content=\"Haptik: Die geheimen Botschaften an unsere Sinne &#8211; sehen, h\u00f6ren, tasten Ein premium Interieur eines Fahrzeuges wird \u00fcber die Sinne, die taktilen und kin\u00e4sthetischen Reize, den Geruch und die Qualit\u00e4t der Oberfl\u00e4chen wahrgenommen \u2013 und nicht \u00fcber die gedruckten Fakten im Katalog. Das \u201eBer\u00fchren\u201c und \u201eBegreifen\u201c ist die Grundlage der Wahrnehmung.&nbsp; Bei der Geburt des [&hellip;]\" \/>\n<meta property=\"og:url\" content=\"https:\/\/haptikakustik.de\/?page_id=4\" \/>\n<meta property=\"og:site_name\" content=\"Haptik - Akustik - Displays\" \/>\n<meta property=\"article:modified_time\" content=\"2020-07-25T09:29:52+00:00\" \/>\n<meta name=\"twitter:card\" content=\"summary_large_image\" \/>\n<meta name=\"twitter:label1\" content=\"Gesch\u00e4tzte Lesezeit\" \/>\n\t<meta name=\"twitter:data1\" content=\"1\u00a0Minute\" \/>\n<script type=\"application\/ld+json\" class=\"yoast-schema-graph\">{\"@context\":\"https:\/\/schema.org\",\"@graph\":[{\"@type\":[\"Person\",\"Organization\"],\"@id\":\"https:\/\/haptikakustik.de\/#\/schema\/person\/b11258609afe906285a9931d10a888a8\",\"name\":\"haptik\",\"image\":{\"@type\":\"ImageObject\",\"@id\":\"https:\/\/haptikakustik.de\/#personlogo\",\"inLanguage\":\"de\",\"url\":\"https:\/\/secure.gravatar.com\/avatar\/27477171dc501a285166bb1be5e6da7e?s=96&d=mm&r=g\",\"contentUrl\":\"https:\/\/secure.gravatar.com\/avatar\/27477171dc501a285166bb1be5e6da7e?s=96&d=mm&r=g\",\"caption\":\"haptik\"},\"logo\":{\"@id\":\"https:\/\/haptikakustik.de\/#personlogo\"}},{\"@type\":\"WebSite\",\"@id\":\"https:\/\/haptikakustik.de\/#website\",\"url\":\"https:\/\/haptikakustik.de\/\",\"name\":\"Haptik - Akustik - Displays\",\"description\":\"Die Welt der taktilen und visuellen Wahrnehmung\",\"publisher\":{\"@id\":\"https:\/\/haptikakustik.de\/#\/schema\/person\/b11258609afe906285a9931d10a888a8\"},\"potentialAction\":[{\"@type\":\"SearchAction\",\"target\":{\"@type\":\"EntryPoint\",\"urlTemplate\":\"https:\/\/haptikakustik.de\/?s={search_term_string}\"},\"query-input\":\"required name=search_term_string\"}],\"inLanguage\":\"de\"},{\"@type\":\"WebPage\",\"@id\":\"https:\/\/haptikakustik.de\/?page_id=4#webpage\",\"url\":\"https:\/\/haptikakustik.de\/?page_id=4\",\"name\":\"Haptik Akustik - de | Haptik - Akustik - Displays\",\"isPartOf\":{\"@id\":\"https:\/\/haptikakustik.de\/#website\"},\"datePublished\":\"2020-04-06T10:20:53+00:00\",\"dateModified\":\"2020-07-25T09:29:52+00:00\",\"breadcrumb\":{\"@id\":\"https:\/\/haptikakustik.de\/?page_id=4#breadcrumb\"},\"inLanguage\":\"de\",\"potentialAction\":[{\"@type\":\"ReadAction\",\"target\":[\"https:\/\/haptikakustik.de\/?page_id=4\"]}]},{\"@type\":\"BreadcrumbList\",\"@id\":\"https:\/\/haptikakustik.de\/?page_id=4#breadcrumb\",\"itemListElement\":[{\"@type\":\"ListItem\",\"position\":1,\"name\":\"Startseite\",\"item\":\"https:\/\/haptikakustik.de\/\"},{\"@type\":\"ListItem\",\"position\":2,\"name\":\"Haptik Akustik &#8211; de\"}]}]}<\/script>\n<!-- \/ Yoast SEO plugin. -->","yoast_head_json":{"title":"Haptik Akustik - de | Haptik - Akustik - Displays","robots":{"index":"index","follow":"follow","max-snippet":"max-snippet:-1","max-image-preview":"max-image-preview:large","max-video-preview":"max-video-preview:-1"},"canonical":"https:\/\/haptikakustik.de\/?page_id=4","og_locale":"de_DE","og_type":"article","og_title":"Haptik Akustik - de | Haptik - Akustik - Displays","og_description":"Haptik: Die geheimen Botschaften an unsere Sinne &#8211; sehen, h\u00f6ren, tasten Ein premium Interieur eines Fahrzeuges wird \u00fcber die Sinne, die taktilen und kin\u00e4sthetischen Reize, den Geruch und die Qualit\u00e4t der Oberfl\u00e4chen wahrgenommen \u2013 und nicht \u00fcber die gedruckten Fakten im Katalog. Das \u201eBer\u00fchren\u201c und \u201eBegreifen\u201c ist die Grundlage der Wahrnehmung.&nbsp; Bei der Geburt des [&hellip;]","og_url":"https:\/\/haptikakustik.de\/?page_id=4","og_site_name":"Haptik - Akustik - Displays","article_modified_time":"2020-07-25T09:29:52+00:00","twitter_card":"summary_large_image","twitter_misc":{"Gesch\u00e4tzte Lesezeit":"1\u00a0Minute"},"schema":{"@context":"https:\/\/schema.org","@graph":[{"@type":["Person","Organization"],"@id":"https:\/\/haptikakustik.de\/#\/schema\/person\/b11258609afe906285a9931d10a888a8","name":"haptik","image":{"@type":"ImageObject","@id":"https:\/\/haptikakustik.de\/#personlogo","inLanguage":"de","url":"https:\/\/secure.gravatar.com\/avatar\/27477171dc501a285166bb1be5e6da7e?s=96&d=mm&r=g","contentUrl":"https:\/\/secure.gravatar.com\/avatar\/27477171dc501a285166bb1be5e6da7e?s=96&d=mm&r=g","caption":"haptik"},"logo":{"@id":"https:\/\/haptikakustik.de\/#personlogo"}},{"@type":"WebSite","@id":"https:\/\/haptikakustik.de\/#website","url":"https:\/\/haptikakustik.de\/","name":"Haptik - Akustik - Displays","description":"Die Welt der taktilen und visuellen Wahrnehmung","publisher":{"@id":"https:\/\/haptikakustik.de\/#\/schema\/person\/b11258609afe906285a9931d10a888a8"},"potentialAction":[{"@type":"SearchAction","target":{"@type":"EntryPoint","urlTemplate":"https:\/\/haptikakustik.de\/?s={search_term_string}"},"query-input":"required name=search_term_string"}],"inLanguage":"de"},{"@type":"WebPage","@id":"https:\/\/haptikakustik.de\/?page_id=4#webpage","url":"https:\/\/haptikakustik.de\/?page_id=4","name":"Haptik Akustik - de | Haptik - Akustik - Displays","isPartOf":{"@id":"https:\/\/haptikakustik.de\/#website"},"datePublished":"2020-04-06T10:20:53+00:00","dateModified":"2020-07-25T09:29:52+00:00","breadcrumb":{"@id":"https:\/\/haptikakustik.de\/?page_id=4#breadcrumb"},"inLanguage":"de","potentialAction":[{"@type":"ReadAction","target":["https:\/\/haptikakustik.de\/?page_id=4"]}]},{"@type":"BreadcrumbList","@id":"https:\/\/haptikakustik.de\/?page_id=4#breadcrumb","itemListElement":[{"@type":"ListItem","position":1,"name":"Startseite","item":"https:\/\/haptikakustik.de\/"},{"@type":"ListItem","position":2,"name":"Haptik Akustik &#8211; de"}]}]}},"_links":{"self":[{"href":"https:\/\/haptikakustik.de\/index.php?rest_route=\/wp\/v2\/pages\/4"}],"collection":[{"href":"https:\/\/haptikakustik.de\/index.php?rest_route=\/wp\/v2\/pages"}],"about":[{"href":"https:\/\/haptikakustik.de\/index.php?rest_route=\/wp\/v2\/types\/page"}],"author":[{"embeddable":true,"href":"https:\/\/haptikakustik.de\/index.php?rest_route=\/wp\/v2\/users\/1"}],"replies":[{"embeddable":true,"href":"https:\/\/haptikakustik.de\/index.php?rest_route=%2Fwp%2Fv2%2Fcomments&post=4"}],"version-history":[{"count":3,"href":"https:\/\/haptikakustik.de\/index.php?rest_route=\/wp\/v2\/pages\/4\/revisions"}],"predecessor-version":[{"id":110,"href":"https:\/\/haptikakustik.de\/index.php?rest_route=\/wp\/v2\/pages\/4\/revisions\/110"}],"wp:attachment":[{"href":"https:\/\/haptikakustik.de\/index.php?rest_route=%2Fwp%2Fv2%2Fmedia&parent=4"}],"curies":[{"name":"wp","href":"https:\/\/api.w.org\/{rel}","templated":true}]}}