{"id":61,"date":"2020-04-11T08:37:24","date_gmt":"2020-04-11T08:37:24","guid":{"rendered":"http:\/\/haptikakustik.de\/?page_id=61"},"modified":"2020-04-11T09:22:05","modified_gmt":"2020-04-11T09:22:05","slug":"impressum","status":"publish","type":"page","link":"https:\/\/haptikakustik.de\/?page_id=61","title":{"rendered":"Impressum"},"content":{"rendered":"\n<p><img loading=\"lazy\" width=\"747\" height=\"654\" class=\"wp-image-72\" style=\"width: 210px;\" src=\"http:\/\/haptikakustik.de\/wp-content\/uploads\/2020\/04\/impeesumse-times-1.jpg\" alt=\"\" srcset=\"https:\/\/haptikakustik.de\/wp-content\/uploads\/2020\/04\/impeesumse-times-1.jpg 747w, https:\/\/haptikakustik.de\/wp-content\/uploads\/2020\/04\/impeesumse-times-1-300x263.jpg 300w, https:\/\/haptikakustik.de\/wp-content\/uploads\/2020\/04\/impeesumse-times-1-508x445.jpg 508w\" sizes=\"(max-width: 747px) 100vw, 747px\" \/><br><\/p>\n\n\n\n<p><strong>Haftung f\u00fcr Inhalte:<\/strong><\/p>\n\n\n\n<p>Im Sinne von \u00a7 7 Absatz 1 TMG sind wir f\u00fcr die eigenen Inhalte auf dieser Webseite verantwortlich. Durch \u00a7\u00a7 8 bis einschlie\u00dflich 10 TMG sind wir aber nicht verpflichtet, gespeicherte oder \u00fcbermittelte fremde Inhalte zu \u00fcberwachen oder diese auf Rechtswidrigkeit zu pr\u00fcfen. Das befreit uns jedoch nicht von der Pflicht, der Sperrung und Entfernung von Informationen nach geltenden Gesetzen nachzukommen.<\/p>\n","protected":false},"excerpt":{"rendered":"<p>Haftung f\u00fcr Inhalte: Im Sinne von \u00a7 7 Absatz 1 TMG sind wir f\u00fcr die eigenen Inhalte auf dieser Webseite verantwortlich. Durch \u00a7\u00a7 8 bis einschlie\u00dflich 10 TMG sind wir aber nicht verpflichtet, gespeicherte oder \u00fcbermittelte fremde Inhalte zu \u00fcberwachen oder diese auf Rechtswidrigkeit zu pr\u00fcfen. Das befreit uns jedoch nicht von der Pflicht, der [&hellip;]<\/p>\n","protected":false},"author":1,"featured_media":0,"parent":0,"menu_order":0,"comment_status":"closed","ping_status":"closed","template":"","meta":{"spay_email":""},"yoast_head":"<!-- This site is optimized with the Yoast SEO plugin v17.9 - https:\/\/yoast.com\/wordpress\/plugins\/seo\/ -->\n<title>Impressum | Haptik - Akustik - Displays<\/title>\n<meta name=\"robots\" content=\"index, follow, max-snippet:-1, max-image-preview:large, max-video-preview:-1\" \/>\n<link rel=\"canonical\" href=\"https:\/\/haptikakustik.de\/?page_id=61\" \/>\n<meta property=\"og:locale\" content=\"de_DE\" \/>\n<meta property=\"og:type\" content=\"article\" \/>\n<meta property=\"og:title\" content=\"Impressum | Haptik - Akustik - Displays\" \/>\n<meta property=\"og:description\" content=\"Haftung f\u00fcr Inhalte: Im Sinne von \u00a7 7 Absatz 1 TMG sind wir f\u00fcr die eigenen Inhalte auf dieser Webseite verantwortlich. Durch \u00a7\u00a7 8 bis einschlie\u00dflich 10 TMG sind wir aber nicht verpflichtet, gespeicherte oder \u00fcbermittelte fremde Inhalte zu \u00fcberwachen oder diese auf Rechtswidrigkeit zu pr\u00fcfen. Das befreit uns jedoch nicht von der Pflicht, der [&hellip;]\" \/>\n<meta property=\"og:url\" content=\"https:\/\/haptikakustik.de\/?page_id=61\" \/>\n<meta property=\"og:site_name\" content=\"Haptik - Akustik - Displays\" \/>\n<meta property=\"article:modified_time\" content=\"2020-04-11T09:22:05+00:00\" \/>\n<meta property=\"og:image\" content=\"http:\/\/haptikakustik.de\/wp-content\/uploads\/2020\/04\/impeesumse-times-1.jpg\" \/>\n<meta name=\"twitter:card\" content=\"summary_large_image\" \/>\n<script type=\"application\/ld+json\" class=\"yoast-schema-graph\">{\"@context\":\"https:\/\/schema.org\",\"@graph\":[{\"@type\":[\"Person\",\"Organization\"],\"@id\":\"https:\/\/haptikakustik.de\/#\/schema\/person\/b11258609afe906285a9931d10a888a8\",\"name\":\"haptik\",\"image\":{\"@type\":\"ImageObject\",\"@id\":\"https:\/\/haptikakustik.de\/#personlogo\",\"inLanguage\":\"de\",\"url\":\"https:\/\/secure.gravatar.com\/avatar\/27477171dc501a285166bb1be5e6da7e?s=96&d=mm&r=g\",\"contentUrl\":\"https:\/\/secure.gravatar.com\/avatar\/27477171dc501a285166bb1be5e6da7e?s=96&d=mm&r=g\",\"caption\":\"haptik\"},\"logo\":{\"@id\":\"https:\/\/haptikakustik.de\/#personlogo\"}},{\"@type\":\"WebSite\",\"@id\":\"https:\/\/haptikakustik.de\/#website\",\"url\":\"https:\/\/haptikakustik.de\/\",\"name\":\"Haptik - Akustik - Displays\",\"description\":\"Die Welt der taktilen und visuellen Wahrnehmung\",\"publisher\":{\"@id\":\"https:\/\/haptikakustik.de\/#\/schema\/person\/b11258609afe906285a9931d10a888a8\"},\"potentialAction\":[{\"@type\":\"SearchAction\",\"target\":{\"@type\":\"EntryPoint\",\"urlTemplate\":\"https:\/\/haptikakustik.de\/?s={search_term_string}\"},\"query-input\":\"required name=search_term_string\"}],\"inLanguage\":\"de\"},{\"@type\":\"ImageObject\",\"@id\":\"https:\/\/haptikakustik.de\/?page_id=61#primaryimage\",\"inLanguage\":\"de\",\"url\":\"http:\/\/haptikakustik.de\/wp-content\/uploads\/2020\/04\/impeesumse-times-1.jpg\",\"contentUrl\":\"http:\/\/haptikakustik.de\/wp-content\/uploads\/2020\/04\/impeesumse-times-1.jpg\"},{\"@type\":\"WebPage\",\"@id\":\"https:\/\/haptikakustik.de\/?page_id=61#webpage\",\"url\":\"https:\/\/haptikakustik.de\/?page_id=61\",\"name\":\"Impressum | Haptik - Akustik - Displays\",\"isPartOf\":{\"@id\":\"https:\/\/haptikakustik.de\/#website\"},\"primaryImageOfPage\":{\"@id\":\"https:\/\/haptikakustik.de\/?page_id=61#primaryimage\"},\"datePublished\":\"2020-04-11T08:37:24+00:00\",\"dateModified\":\"2020-04-11T09:22:05+00:00\",\"breadcrumb\":{\"@id\":\"https:\/\/haptikakustik.de\/?page_id=61#breadcrumb\"},\"inLanguage\":\"de\",\"potentialAction\":[{\"@type\":\"ReadAction\",\"target\":[\"https:\/\/haptikakustik.de\/?page_id=61\"]}]},{\"@type\":\"BreadcrumbList\",\"@id\":\"https:\/\/haptikakustik.de\/?page_id=61#breadcrumb\",\"itemListElement\":[{\"@type\":\"ListItem\",\"position\":1,\"name\":\"Startseite\",\"item\":\"https:\/\/haptikakustik.de\/\"},{\"@type\":\"ListItem\",\"position\":2,\"name\":\"Impressum\"}]}]}<\/script>\n<!-- \/ Yoast SEO plugin. -->","yoast_head_json":{"title":"Impressum | Haptik - Akustik - Displays","robots":{"index":"index","follow":"follow","max-snippet":"max-snippet:-1","max-image-preview":"max-image-preview:large","max-video-preview":"max-video-preview:-1"},"canonical":"https:\/\/haptikakustik.de\/?page_id=61","og_locale":"de_DE","og_type":"article","og_title":"Impressum | Haptik - Akustik - Displays","og_description":"Haftung f\u00fcr Inhalte: Im Sinne von \u00a7 7 Absatz 1 TMG sind wir f\u00fcr die eigenen Inhalte auf dieser Webseite verantwortlich. Durch \u00a7\u00a7 8 bis einschlie\u00dflich 10 TMG sind wir aber nicht verpflichtet, gespeicherte oder \u00fcbermittelte fremde Inhalte zu \u00fcberwachen oder diese auf Rechtswidrigkeit zu pr\u00fcfen. Das befreit uns jedoch nicht von der Pflicht, der [&hellip;]","og_url":"https:\/\/haptikakustik.de\/?page_id=61","og_site_name":"Haptik - Akustik - Displays","article_modified_time":"2020-04-11T09:22:05+00:00","og_image":[{"url":"http:\/\/haptikakustik.de\/wp-content\/uploads\/2020\/04\/impeesumse-times-1.jpg"}],"twitter_card":"summary_large_image","schema":{"@context":"https:\/\/schema.org","@graph":[{"@type":["Person","Organization"],"@id":"https:\/\/haptikakustik.de\/#\/schema\/person\/b11258609afe906285a9931d10a888a8","name":"haptik","image":{"@type":"ImageObject","@id":"https:\/\/haptikakustik.de\/#personlogo","inLanguage":"de","url":"https:\/\/secure.gravatar.com\/avatar\/27477171dc501a285166bb1be5e6da7e?s=96&d=mm&r=g","contentUrl":"https:\/\/secure.gravatar.com\/avatar\/27477171dc501a285166bb1be5e6da7e?s=96&d=mm&r=g","caption":"haptik"},"logo":{"@id":"https:\/\/haptikakustik.de\/#personlogo"}},{"@type":"WebSite","@id":"https:\/\/haptikakustik.de\/#website","url":"https:\/\/haptikakustik.de\/","name":"Haptik - Akustik - Displays","description":"Die Welt der taktilen und visuellen Wahrnehmung","publisher":{"@id":"https:\/\/haptikakustik.de\/#\/schema\/person\/b11258609afe906285a9931d10a888a8"},"potentialAction":[{"@type":"SearchAction","target":{"@type":"EntryPoint","urlTemplate":"https:\/\/haptikakustik.de\/?s={search_term_string}"},"query-input":"required name=search_term_string"}],"inLanguage":"de"},{"@type":"ImageObject","@id":"https:\/\/haptikakustik.de\/?page_id=61#primaryimage","inLanguage":"de","url":"http:\/\/haptikakustik.de\/wp-content\/uploads\/2020\/04\/impeesumse-times-1.jpg","contentUrl":"http:\/\/haptikakustik.de\/wp-content\/uploads\/2020\/04\/impeesumse-times-1.jpg"},{"@type":"WebPage","@id":"https:\/\/haptikakustik.de\/?page_id=61#webpage","url":"https:\/\/haptikakustik.de\/?page_id=61","name":"Impressum | Haptik - Akustik - Displays","isPartOf":{"@id":"https:\/\/haptikakustik.de\/#website"},"primaryImageOfPage":{"@id":"https:\/\/haptikakustik.de\/?page_id=61#primaryimage"},"datePublished":"2020-04-11T08:37:24+00:00","dateModified":"2020-04-11T09:22:05+00:00","breadcrumb":{"@id":"https:\/\/haptikakustik.de\/?page_id=61#breadcrumb"},"inLanguage":"de","potentialAction":[{"@type":"ReadAction","target":["https:\/\/haptikakustik.de\/?page_id=61"]}]},{"@type":"BreadcrumbList","@id":"https:\/\/haptikakustik.de\/?page_id=61#breadcrumb","itemListElement":[{"@type":"ListItem","position":1,"name":"Startseite","item":"https:\/\/haptikakustik.de\/"},{"@type":"ListItem","position":2,"name":"Impressum"}]}]}},"_links":{"self":[{"href":"https:\/\/haptikakustik.de\/index.php?rest_route=\/wp\/v2\/pages\/61"}],"collection":[{"href":"https:\/\/haptikakustik.de\/index.php?rest_route=\/wp\/v2\/pages"}],"about":[{"href":"https:\/\/haptikakustik.de\/index.php?rest_route=\/wp\/v2\/types\/page"}],"author":[{"embeddable":true,"href":"https:\/\/haptikakustik.de\/index.php?rest_route=\/wp\/v2\/users\/1"}],"replies":[{"embeddable":true,"href":"https:\/\/haptikakustik.de\/index.php?rest_route=%2Fwp%2Fv2%2Fcomments&post=61"}],"version-history":[{"count":2,"href":"https:\/\/haptikakustik.de\/index.php?rest_route=\/wp\/v2\/pages\/61\/revisions"}],"predecessor-version":[{"id":73,"href":"https:\/\/haptikakustik.de\/index.php?rest_route=\/wp\/v2\/pages\/61\/revisions\/73"}],"wp:attachment":[{"href":"https:\/\/haptikakustik.de\/index.php?rest_route=%2Fwp%2Fv2%2Fmedia&parent=61"}],"curies":[{"name":"wp","href":"https:\/\/api.w.org\/{rel}","templated":true}]}}